{"id":9850,"date":"2025-06-10T17:57:15","date_gmt":"2025-06-10T15:57:15","guid":{"rendered":"https:\/\/hb.bfexplus.com\/wow-glow\/"},"modified":"2026-03-02T18:11:00","modified_gmt":"2026-03-02T17:11:00","slug":"pack-wow-glow","status":"publish","type":"product","link":"https:\/\/hb.bfexplus.com\/it\/pack-wow-glow\/","title":{"rendered":"WOW! e Glow &#8211; Pack Serum + Crema"},"content":{"rendered":"<div class=\"et_pb_section_0 et_pb_section et_section_regular et_block_section\"><div class=\"et_pb_row_0 et_pb_row et_block_row\"><div class=\"et_pb_column_0 et_pb_column et_pb_column_4_4 et-last-child et_block_column et_pb_css_mix_blend_mode_passthrough\"><div class=\"et_pb_wc_cart_notice_0 et_pb_wc_cart_notice et_pb_fields_layout_default et_pb_module\"><div class=\"et_pb_module_inner\">\n\t<div class=\"woocommerce-message\" role=\"alert\">\n\t\t&ldquo;Product Name&rdquo; has been added to cart.\t<\/div>\n<\/div><\/div><\/div><\/div><div class=\"et_pb_row_1 et_pb_row et_block_row\"><div class=\"et_pb_column_1 et_pb_column et_pb_column_1_2 et_block_column et_pb_css_mix_blend_mode_passthrough\"><div class=\"et_pb_wc_images_0 et_pb_wc_images et_pb_module\"><div class=\"et_pb_module_inner\"><\/div><\/div><\/div><div class=\"et_pb_column_2 et_pb_column et_pb_column_1_2 et-last-child et_block_column et_pb_css_mix_blend_mode_passthrough\"><div class=\"et_pb_wc_title_0 et_pb_wc_title et_pb_bg_layout_light et_pb_module\"><div class=\"et_pb_module_inner\">\n\t\t<h1>WOW! e Glow &#8211; Pack Serum + Crema<\/h1><\/div><\/div><\/div><\/div><div class=\"et_pb_row_2 et_pb_row et_block_row\"><div class=\"et_pb_column_3 et_pb_column et_pb_column_4_4 et-last-child et_block_column et_pb_css_mix_blend_mode_passthrough\"><div class=\"et_pb_wc_tabs_0 et_pb_wc_tabs et_pb_tabs et_pb_module\"><div class=\"et_pb_module_inner\"><ul class=\"et_pb_tabs_controls clearfix\"><\/ul><div class=\"et_pb_all_tabs\"><\/div><\/div><\/div><\/div><\/div><\/div>","protected":false},"excerpt":{"rendered":"","protected":false},"featured_media":13141,"comment_status":"open","ping_status":"closed","template":"","meta":{"_acf_changed":false,"inline_featured_image":false},"product_brand":[],"product_cat":[181],"product_tag":[],"giftcard-category":[],"class_list":{"0":"post-9850","1":"product","2":"type-product","3":"status-publish","4":"has-post-thumbnail","6":"product_cat-promozioni","8":"first","9":"instock","10":"shipping-taxable","11":"purchasable","12":"product-type-simple"},"acf":[],"yoast_head":"<!-- This site is optimized with the Yoast SEO Premium plugin v26.3 (Yoast SEO v26.4) - https:\/\/yoast.com\/wordpress\/plugins\/seo\/ -->\n<title>WOW! e Glow - Pack Serum + Crema - Helenis Biocosmetics<\/title>\n<meta name=\"description\" content=\"Il WOW! pack Effect Serum + Glow Aging Cream \u00e8 una combinazione avanzata di trattamenti trattamento viso anti-et\u00e0 che unisce la biotecnologia pi\u00f9 innovativa con ingredienti ecologici.\" \/>\n<meta name=\"robots\" content=\"index, follow, max-snippet:-1, max-image-preview:large, max-video-preview:-1\" \/>\n<link rel=\"canonical\" href=\"https:\/\/hb.bfexplus.com\/pack-wow-glow\/\" \/>\n<meta property=\"og:locale\" content=\"it_IT\" \/>\n<meta property=\"og:type\" content=\"article\" \/>\n<meta property=\"og:title\" content=\"WOW! e Glow - Pack Serum + Crema\" \/>\n<meta property=\"og:description\" content=\"Il WOW! pack Effect Serum + Glow Aging Cream \u00e8 una combinazione avanzata di trattamenti trattamento viso anti-et\u00e0 che unisce la biotecnologia pi\u00f9 innovativa con ingredienti ecologici.\" \/>\n<meta property=\"og:url\" content=\"https:\/\/hb.bfexplus.com\/pack-wow-glow\/\" \/>\n<meta property=\"og:site_name\" content=\"Helenis Biocosmetics\" \/>\n<meta property=\"article:modified_time\" content=\"2026-03-02T17:11:00+00:00\" \/>\n<meta property=\"og:image\" content=\"https:\/\/hb.bfexplus.com\/wp-content\/uploads\/2025\/06\/GLOWAND-WOW.webp\" \/>\n\t<meta property=\"og:image:width\" content=\"1232\" \/>\n\t<meta property=\"og:image:height\" content=\"1370\" \/>\n\t<meta property=\"og:image:type\" content=\"image\/webp\" \/>\n<meta name=\"twitter:card\" content=\"summary_large_image\" \/>\n<meta name=\"twitter:label1\" content=\"Tempo di lettura stimato\" \/>\n\t<meta name=\"twitter:data1\" content=\"2 minuti\" \/>\n<script type=\"application\/ld+json\" class=\"yoast-schema-graph\">{\"@context\":\"https:\/\/schema.org\",\"@graph\":[{\"@type\":\"WebPage\",\"@id\":\"https:\/\/hb.bfexplus.com\/pack-wow-glow\/\",\"url\":\"https:\/\/hb.bfexplus.com\/pack-wow-glow\/\",\"name\":\"WOW! e Glow - Pack Serum + Crema - Helenis Biocosmetics\",\"isPartOf\":{\"@id\":\"https:\/\/hb.bfexplus.com\/#website\"},\"primaryImageOfPage\":{\"@id\":\"https:\/\/hb.bfexplus.com\/pack-wow-glow\/#primaryimage\"},\"image\":{\"@id\":\"https:\/\/hb.bfexplus.com\/pack-wow-glow\/#primaryimage\"},\"thumbnailUrl\":\"https:\/\/hb.bfexplus.com\/wp-content\/uploads\/2025\/06\/GLOWAND-WOW.webp\",\"datePublished\":\"2025-06-10T15:57:15+00:00\",\"dateModified\":\"2026-03-02T17:11:00+00:00\",\"description\":\"Il WOW! pack Effect Serum + Glow Aging Cream \u00e8 una combinazione avanzata di trattamenti trattamento viso anti-et\u00e0 che unisce la biotecnologia pi\u00f9 innovativa con ingredienti ecologici.\",\"breadcrumb\":{\"@id\":\"https:\/\/hb.bfexplus.com\/pack-wow-glow\/#breadcrumb\"},\"inLanguage\":\"it-IT\",\"potentialAction\":[{\"@type\":\"ReadAction\",\"target\":[\"https:\/\/hb.bfexplus.com\/pack-wow-glow\/\"]}]},{\"@type\":\"ImageObject\",\"inLanguage\":\"it-IT\",\"@id\":\"https:\/\/hb.bfexplus.com\/pack-wow-glow\/#primaryimage\",\"url\":\"https:\/\/hb.bfexplus.com\/wp-content\/uploads\/2025\/06\/GLOWAND-WOW.webp\",\"contentUrl\":\"https:\/\/hb.bfexplus.com\/wp-content\/uploads\/2025\/06\/GLOWAND-WOW.webp\",\"width\":1232,\"height\":1370},{\"@type\":\"BreadcrumbList\",\"@id\":\"https:\/\/hb.bfexplus.com\/pack-wow-glow\/#breadcrumb\",\"itemListElement\":[{\"@type\":\"ListItem\",\"position\":1,\"name\":\"Portada\",\"item\":\"https:\/\/hb.bfexplus.com\/\"},{\"@type\":\"ListItem\",\"position\":2,\"name\":\"Negozio\",\"item\":\"https:\/\/hb.bfexplus.com\/tienda\/\"},{\"@type\":\"ListItem\",\"position\":3,\"name\":\"WOW! e Glow &#8211; Pack Serum + Crema\"}]},{\"@type\":\"WebSite\",\"@id\":\"https:\/\/hb.bfexplus.com\/#website\",\"url\":\"https:\/\/hb.bfexplus.com\/\",\"name\":\"Helenis Biocosmetics\",\"description\":\"Biocosmetica avanzada con microorganismos pre y post bioticos util para el cuidado del microbioma de la piel.\",\"potentialAction\":[{\"@type\":\"SearchAction\",\"target\":{\"@type\":\"EntryPoint\",\"urlTemplate\":\"https:\/\/hb.bfexplus.com\/?s={search_term_string}\"},\"query-input\":{\"@type\":\"PropertyValueSpecification\",\"valueRequired\":true,\"valueName\":\"search_term_string\"}}],\"inLanguage\":\"it-IT\"}]}<\/script>\n<!-- \/ Yoast SEO Premium plugin. -->","yoast_head_json":{"title":"WOW! e Glow - Pack Serum + Crema - Helenis Biocosmetics","description":"Il WOW! pack Effect Serum + Glow Aging Cream \u00e8 una combinazione avanzata di trattamenti trattamento viso anti-et\u00e0 che unisce la biotecnologia pi\u00f9 innovativa con ingredienti ecologici.","robots":{"index":"index","follow":"follow","max-snippet":"max-snippet:-1","max-image-preview":"max-image-preview:large","max-video-preview":"max-video-preview:-1"},"canonical":"https:\/\/hb.bfexplus.com\/pack-wow-glow\/","og_locale":"it_IT","og_type":"article","og_title":"WOW! e Glow - Pack Serum + Crema","og_description":"Il WOW! pack Effect Serum + Glow Aging Cream \u00e8 una combinazione avanzata di trattamenti trattamento viso anti-et\u00e0 che unisce la biotecnologia pi\u00f9 innovativa con ingredienti ecologici.","og_url":"https:\/\/hb.bfexplus.com\/pack-wow-glow\/","og_site_name":"Helenis Biocosmetics","article_modified_time":"2026-03-02T17:11:00+00:00","og_image":[{"width":1232,"height":1370,"url":"https:\/\/hb.bfexplus.com\/wp-content\/uploads\/2025\/06\/GLOWAND-WOW.webp","type":"image\/webp"}],"twitter_card":"summary_large_image","twitter_misc":{"Tempo di lettura stimato":"2 minuti"},"schema":{"@context":"https:\/\/schema.org","@graph":[{"@type":"WebPage","@id":"https:\/\/hb.bfexplus.com\/pack-wow-glow\/","url":"https:\/\/hb.bfexplus.com\/pack-wow-glow\/","name":"WOW! e Glow - Pack Serum + Crema - Helenis Biocosmetics","isPartOf":{"@id":"https:\/\/hb.bfexplus.com\/#website"},"primaryImageOfPage":{"@id":"https:\/\/hb.bfexplus.com\/pack-wow-glow\/#primaryimage"},"image":{"@id":"https:\/\/hb.bfexplus.com\/pack-wow-glow\/#primaryimage"},"thumbnailUrl":"https:\/\/hb.bfexplus.com\/wp-content\/uploads\/2025\/06\/GLOWAND-WOW.webp","datePublished":"2025-06-10T15:57:15+00:00","dateModified":"2026-03-02T17:11:00+00:00","description":"Il WOW! pack Effect Serum + Glow Aging Cream \u00e8 una combinazione avanzata di trattamenti trattamento viso anti-et\u00e0 che unisce la biotecnologia pi\u00f9 innovativa con ingredienti ecologici.","breadcrumb":{"@id":"https:\/\/hb.bfexplus.com\/pack-wow-glow\/#breadcrumb"},"inLanguage":"it-IT","potentialAction":[{"@type":"ReadAction","target":["https:\/\/hb.bfexplus.com\/pack-wow-glow\/"]}]},{"@type":"ImageObject","inLanguage":"it-IT","@id":"https:\/\/hb.bfexplus.com\/pack-wow-glow\/#primaryimage","url":"https:\/\/hb.bfexplus.com\/wp-content\/uploads\/2025\/06\/GLOWAND-WOW.webp","contentUrl":"https:\/\/hb.bfexplus.com\/wp-content\/uploads\/2025\/06\/GLOWAND-WOW.webp","width":1232,"height":1370},{"@type":"BreadcrumbList","@id":"https:\/\/hb.bfexplus.com\/pack-wow-glow\/#breadcrumb","itemListElement":[{"@type":"ListItem","position":1,"name":"Portada","item":"https:\/\/hb.bfexplus.com\/"},{"@type":"ListItem","position":2,"name":"Negozio","item":"https:\/\/hb.bfexplus.com\/tienda\/"},{"@type":"ListItem","position":3,"name":"WOW! e Glow &#8211; Pack Serum + Crema"}]},{"@type":"WebSite","@id":"https:\/\/hb.bfexplus.com\/#website","url":"https:\/\/hb.bfexplus.com\/","name":"Helenis Biocosmetics","description":"Biocosmetica avanzada con microorganismos pre y post bioticos util para el cuidado del microbioma de la piel.","potentialAction":[{"@type":"SearchAction","target":{"@type":"EntryPoint","urlTemplate":"https:\/\/hb.bfexplus.com\/?s={search_term_string}"},"query-input":{"@type":"PropertyValueSpecification","valueRequired":true,"valueName":"search_term_string"}}],"inLanguage":"it-IT"}]}},"_links":{"self":[{"href":"https:\/\/hb.bfexplus.com\/it\/wp-json\/wp\/v2\/product\/9850","targetHints":{"allow":["GET"]}}],"collection":[{"href":"https:\/\/hb.bfexplus.com\/it\/wp-json\/wp\/v2\/product"}],"about":[{"href":"https:\/\/hb.bfexplus.com\/it\/wp-json\/wp\/v2\/types\/product"}],"replies":[{"embeddable":true,"href":"https:\/\/hb.bfexplus.com\/it\/wp-json\/wp\/v2\/comments?post=9850"}],"wp:featuredmedia":[{"embeddable":true,"href":"https:\/\/hb.bfexplus.com\/it\/wp-json\/wp\/v2\/media\/13141"}],"wp:attachment":[{"href":"https:\/\/hb.bfexplus.com\/it\/wp-json\/wp\/v2\/media?parent=9850"}],"wp:term":[{"taxonomy":"product_brand","embeddable":true,"href":"https:\/\/hb.bfexplus.com\/it\/wp-json\/wp\/v2\/product_brand?post=9850"},{"taxonomy":"product_cat","embeddable":true,"href":"https:\/\/hb.bfexplus.com\/it\/wp-json\/wp\/v2\/product_cat?post=9850"},{"taxonomy":"product_tag","embeddable":true,"href":"https:\/\/hb.bfexplus.com\/it\/wp-json\/wp\/v2\/product_tag?post=9850"},{"taxonomy":"giftcard-category","embeddable":true,"href":"https:\/\/hb.bfexplus.com\/it\/wp-json\/wp\/v2\/giftcard-category?post=9850"}],"curies":[{"name":"wp","href":"https:\/\/api.w.org\/{rel}","templated":true}]}}