{"id":6770,"date":"2025-04-14T09:06:02","date_gmt":"2025-04-14T07:06:02","guid":{"rendered":"https:\/\/hb.bfexplus.com\/manifesto\/"},"modified":"2026-03-02T18:07:19","modified_gmt":"2026-03-02T17:07:19","slug":"manifesto","status":"publish","type":"page","link":"https:\/\/hb.bfexplus.com\/it\/manifesto\/","title":{"rendered":"Manifesto"},"content":{"rendered":"\n<div class=\"et_pb_section_0 et_pb_section et_section_regular et_block_section flex-column-center\"><div class=\"et_pb_row_0 et_pb_row et_block_row flex-column-center\"><div class=\"et_pb_column_0 et_pb_column et_pb_column_4_4 et-last-child et_block_column et_pb_css_mix_blend_mode_passthrough\"><div class=\"et_pb_text_0 et_pb_text et_pb_bg_layout_light et_pb_module et_block_module\"><div class=\"et_pb_text_inner\"><h1 class=\"marginb-s\">Il nostro impegno \u00e8 quello di prenderci cura della tua pelle.<\/h1>\n<p class=\"marginb-l\">Crediamo nella bellezza che inizia dall'interno. Ecco perch\u00e9 alla Helenis Biocosmetics formuliamo con uno scopo ben preciso: equilibrare, rafforzare e allenare il tuo microbioma.  <\/p>\n<\/div><\/div><\/div><\/div><\/div><div class=\"et_pb_section_1 et_pb_section et_section_regular et_block_section\"><div class=\"et_pb_row_1 et_pb_row et_pb_equal_columns et_block_row\"><div class=\"et_pb_column_1 et_pb_column et_pb_column_2_5 et_block_column et_pb_css_mix_blend_mode_passthrough flex-column-center\"><div class=\"et_pb_image_0 et_pb_image et_pb_module et_block_module\"><span class=\"et_pb_image_wrap\"><img loading=\"lazy\" decoding=\"async\" src=\"https:\/\/hb.bfexplus.com\/wp-content\/uploads\/2025\/04\/promesa-transparencia.webp\" width=\"501\" height=\"500\" srcset=\"https:\/\/hb.bfexplus.com\/wp-content\/uploads\/2025\/04\/promesa-transparencia.webp 501w, https:\/\/hb.bfexplus.com\/wp-content\/uploads\/2025\/04\/promesa-transparencia-480x479.webp 480w\" sizes=\"(min-width: 0px) and (max-width: 480px) 480px, (min-width: 481px) 501px, 100vw\" class=\"wp-image-6634\" alt=\"impegno di trasparenza di helenis\" \/><\/span><\/div><\/div><div class=\"et_pb_column_2 et_pb_column et_pb_column_3_5 et-last-child et_block_column et_pb_css_mix_blend_mode_passthrough flex-column-center\"><div class=\"et_pb_text_1 et_pb_text et_pb_bg_layout_light et_pb_module et_block_module\"><div class=\"et_pb_text_inner\"><h1 class=\"marginb-l\">La nostra promessa \u00e8 la trasparenza<\/h1>\n<p>Ogni ingrediente delle nostre formule \u00e8 supportato dalla scienza e selezionato con cura per la sua efficacia. Combiniamo i migliori principi attivi derivati dalla biotecnologia con ingredienti naturali per creare cosmetici avanzati che rispettano e migliorano l'equilibrio naturale della pelle.<\/p>\n<p>La nostra promessa \u00e8 la trasparenza: condividiamo con te ci\u00f2 che usiamo, perch\u00e9 lo usiamo e in che modo apporta benefici alla tua pelle. Siamo guidati dall'innovazione, ma anche dall'etica e dalla sostenibilit\u00e0, ed \u00e8 per questo che ci impegniamo a utilizzare materie prime responsabili e formule concentrate che ne aumentino l'efficacia e ne riducano l'impatto ambientale.<\/p>\n<p>In Helenis Biocosmetics, ogni decisione che prendiamo si basa su un principio fondamentale: il rispetto. Rispetto per la pelle, la scienza, la natura e le persone.<\/p>\n<\/div><\/div><\/div><\/div><\/div><div class=\"et_pb_section_2 et_pb_section et_section_regular et_block_section\"><div class=\"et_pb_row_2 et_pb_row et_pb_equal_columns et_block_row\"><div class=\"et_pb_column_3 et_pb_column et_pb_column_3_5 et_block_column et_pb_css_mix_blend_mode_passthrough flex-column-center\"><div class=\"et_pb_text_2 et_pb_text et_pb_bg_layout_light et_pb_module et_block_module\"><div class=\"et_pb_text_inner\"><h2 class=\"marginb-l\">I nostri valori<\/h2>\n<h4><strong>Trasparenza<\/strong><\/h4>\n<p class=\"marginb-l\">Crediamo che la trasparenza sia alla base di qualsiasi rapporto di fiducia. Condividiamo con te informazioni accurate e dettagliate su ciascuno dei nostri prodotti. Essere trasparenti non \u00e8 solo un impegno etico, \u00e8 il nostro modo di darti gli strumenti necessari per fare le scelte migliori per la tua pelle e per il pianeta.<\/p>\n<h4><strong>Etica<\/strong><\/h4>\n<p class=\"marginb-l\">Prendersi cura della pelle \u00e8 un impegno che va oltre la formulazione: \u00e8 una questione di etica e responsabilit\u00e0. In Helenis Biocosmetics garantiamo la qualit\u00e0 di ogni ingrediente, assicurando rapporti equi con i nostri fornitori e trasparenza con i nostri clienti. Formuliamo solo ci\u00f2 che \u00e8 necessario, senza additivi, per offrire prodotti onesti ed efficaci.<\/p>\n<h4><strong>Cura per tutti<\/strong><\/h4>\n<p>Noi di Helenis Biocosmetics formuliamo le nostre ricette pensando a tutti i tipi di pelle. I nostri prodotti, oltre a essere adatti a tutti i tipi di pelle, sono stati appositamente testati su pelli sensibili, atopiche o affette da patologie come la dermatite e la psoriasi, aiutando a bilanciare e rafforzare il loro microbioma e, quindi, a migliorare le condizioni generali della tua pelle.<\/p>\n<\/div><\/div><\/div><div class=\"et_pb_column_4 et_pb_column et_pb_column_2_5 et-last-child et_block_column et_pb_css_mix_blend_mode_passthrough flex-column-center\"><div class=\"et_pb_image_1 et_pb_image et_pb_module et_block_module\"><span class=\"et_pb_image_wrap\"><img loading=\"lazy\" decoding=\"async\" src=\"https:\/\/hb.bfexplus.com\/wp-content\/uploads\/2025\/04\/valores.webp\" width=\"501\" height=\"500\" srcset=\"https:\/\/hb.bfexplus.com\/wp-content\/uploads\/2025\/04\/valores.webp 501w, https:\/\/hb.bfexplus.com\/wp-content\/uploads\/2025\/04\/valores-480x479.webp 480w\" sizes=\"(min-width: 0px) and (max-width: 480px) 480px, (min-width: 481px) 501px, 100vw\" class=\"wp-image-6637\" title=\"valori\" alt=\"riconnettersi alla natura\" \/><\/span><\/div><\/div><\/div><div class=\"et_pb_row_3 et_pb_row et_pb_equal_columns et_block_row\"><div class=\"et_pb_column_5 et_pb_column et_pb_column_2_5 et_block_column et_pb_css_mix_blend_mode_passthrough flex-column-center\"><div class=\"et_pb_image_2 et_pb_image et_pb_module et_block_module\"><span class=\"et_pb_image_wrap\"><img loading=\"lazy\" decoding=\"async\" src=\"https:\/\/hb.bfexplus.com\/wp-content\/uploads\/2025\/04\/valores2.webp\" width=\"501\" height=\"500\" srcset=\"https:\/\/hb.bfexplus.com\/wp-content\/uploads\/2025\/04\/valores2.webp 501w, https:\/\/hb.bfexplus.com\/wp-content\/uploads\/2025\/04\/valores2-480x479.webp 480w\" sizes=\"(min-width: 0px) and (max-width: 480px) 480px, (min-width: 481px) 501px, 100vw\" class=\"wp-image-6640\" title=\"valori2\" alt=\"riconnettersi alla natura\" \/><\/span><\/div><\/div><div class=\"et_pb_column_6 et_pb_column et_pb_column_3_5 et-last-child et_block_column et_pb_css_mix_blend_mode_passthrough flex-column-center\"><div class=\"et_pb_text_3 et_pb_text et_pb_bg_layout_light et_pb_module et_block_module\"><div class=\"et_pb_text_inner\"><h4><strong>Sostenibilit\u00e0<\/strong><\/h4>\n<p class=\"marginb-l\">La sostenibilit\u00e0 \u00e8 un altro dei pilastri su cui si fonda Helenis Biocosmetics. Scegliamo materie prime responsabili, produciamo in modo efficiente e utilizziamo imballaggi riciclabili o biodegradabili. Le nostre formule concentrate riducono al minimo l'impatto ambientale e incoraggiano un consumo pi\u00f9 consapevole. Scegliendo noi, contribuisci a un modello di bellezza che si prende cura della tua pelle e del pianeta.<\/p>\n<h4><strong>Qualit\u00e0<\/strong><\/h4>\n<p class=\"marginb-l\">In Helenis Biocosmetics la qualit\u00e0 \u00e8 la nostra priorit\u00e0. Nelle nostre formule utilizziamo solo principi attivi biotecnologici e ingredienti di origine naturale con efficacia scientificamente provata. Controllando l'intero processo produttivo, dalla formulazione dei nostri prodotti alla scelta delle materie prime e dei fornitori, ci assicuriamo che ogni fase venga svolta secondo i pi\u00f9 alti standard qualitativi, dando vita a prodotti sicuri ed efficaci.<\/p>\n<h4><strong>Efficacia comprovata<\/strong><\/h4>\n<p>Tutti i nostri prodotti sono progettati con una solida base scientifica e supportati da studi che ne sostengono l'efficacia. Non lasciamo nulla al caso: selezioniamo ingredienti attivi con benefici scientificamente provati e formuliamo rispettando il funzionamento naturale della pelle. Ci assicuriamo sempre che ogni formula lavori in sinergia con la pelle, permettendoci di vedere miglioramenti visibili e misurabili senza compromettere il suo equilibrio.<\/p>\n<\/div><\/div><\/div><\/div><\/div><div class=\"et_pb_section_3 et_pb_section et_section_regular et_block_section\"><div class=\"et_pb_row_4 et_pb_row et_pb_equal_columns et_pb_gutters1 et_block_row\"><div class=\"et_pb_column_7 et_pb_column et_pb_column_1_2 et_block_column et_pb_css_mix_blend_mode_passthrough flex-column-center\"><div class=\"et_pb_text_4 et_pb_text et_pb_bg_layout_light et_pb_module et_block_module\"><div class=\"et_pb_text_inner\"><h3 class=\"marginb-m\">Bioinnovazione<\/h3>\n<p class=\"marginb-m\">Il microbioma \u00e8 la prima linea di difesa della nostra pelle. Un ecosistema invisibile formato da una comunit\u00e0 di microrganismi che vivono naturalmente sulla nostra pelle.<\/p>\n<p><a href=\"https:\/\/hb.bfexplus.com\/it\/bioinnovazione\/\" class=\"boton-nuevo boton-nuevo-claro\">LEGGI TUTTO  <img decoding=\"async\" src=\"https:\/\/hb.bfexplus.com\/wp-content\/uploads\/2025\/04\/arrowright-w.svg\" width=\"20\" class=\"boton-icon\"><\/a><\/p>\n<\/div><\/div><\/div><div class=\"et_pb_column_8 et_pb_column et_pb_column_1_2 et-last-child et_block_column et_pb_css_mix_blend_mode_passthrough flex-column-center\"><div class=\"et_pb_text_5 et_pb_text et_pb_bg_layout_light et_pb_module et_block_module\"><div class=\"et_pb_text_inner\"><h3 class=\"marginb-m\">Premi e riconoscimenti<\/h3>\n<p class=\"marginb-m\">In Helenis Biocosmetics, scienza e natura si uniscono per offrire soluzioni innovative che trasformano la pelle partendo dal suo equilibrio pi\u00f9 profondo: quello del microbioma cutaneo.<\/p>\n<p><a href=\"https:\/\/hb.bfexplus.com\/it\/premi-e-riconoscimenti\/\" class=\"boton-nuevo boton-nuevo-claro\">LEGGI TUTTO  <img decoding=\"async\" src=\"https:\/\/hb.bfexplus.com\/wp-content\/uploads\/2025\/04\/arrowright-w.svg\" width=\"20\" class=\"boton-icon\"><\/a><\/p>\n<\/div><\/div><\/div><\/div><\/div>\n","protected":false},"excerpt":{"rendered":"","protected":false},"author":1,"featured_media":0,"parent":0,"menu_order":0,"comment_status":"closed","ping_status":"closed","template":"","meta":{"_acf_changed":false,"inline_featured_image":false,"footnotes":""},"class_list":["post-6770","page","type-page","status-publish","hentry"],"acf":[],"yoast_head":"<!-- This site is optimized with the Yoast SEO Premium plugin v26.3 (Yoast SEO v26.4) - https:\/\/yoast.com\/wordpress\/plugins\/seo\/ -->\n<title>Manifesto - Helenis Biocosmetics<\/title>\n<meta name=\"description\" content=\"La belleza comienza en el equilibrio. Eleva tu rutina de cuidado de la piel al siguiente nivel con nuestros productos formulados con pre y postbi\u00f3ticos de origen 100% natural que equilibran y protegen el microbioma cut\u00e1neo.\" \/>\n<meta name=\"robots\" content=\"index, follow, max-snippet:-1, max-image-preview:large, max-video-preview:-1\" \/>\n<link rel=\"canonical\" href=\"https:\/\/hb.bfexplus.com\/manifiesto-cosmetica-natural-helenis-biocosmetics\/\" \/>\n<meta property=\"og:locale\" content=\"it_IT\" \/>\n<meta property=\"og:type\" content=\"article\" \/>\n<meta property=\"og:title\" content=\"Manifesto\" \/>\n<meta property=\"og:description\" content=\"La belleza comienza en el equilibrio. Eleva tu rutina de cuidado de la piel al siguiente nivel con nuestros productos formulados con pre y postbi\u00f3ticos de origen 100% natural que equilibran y protegen el microbioma cut\u00e1neo.\" \/>\n<meta property=\"og:url\" content=\"https:\/\/hb.bfexplus.com\/manifiesto-cosmetica-natural-helenis-biocosmetics\/\" \/>\n<meta property=\"og:site_name\" content=\"Helenis Biocosmetics\" \/>\n<meta property=\"article:modified_time\" content=\"2026-03-02T17:07:19+00:00\" \/>\n<meta name=\"twitter:card\" content=\"summary_large_image\" \/>\n<script type=\"application\/ld+json\" class=\"yoast-schema-graph\">{\"@context\":\"https:\/\/schema.org\",\"@graph\":[{\"@type\":\"WebPage\",\"@id\":\"https:\/\/hb.bfexplus.com\/manifiesto-cosmetica-natural-helenis-biocosmetics\/\",\"url\":\"https:\/\/hb.bfexplus.com\/manifiesto-cosmetica-natural-helenis-biocosmetics\/\",\"name\":\"Manifesto - Helenis Biocosmetics\",\"isPartOf\":{\"@id\":\"https:\/\/hb.bfexplus.com\/#website\"},\"datePublished\":\"2025-04-14T07:06:02+00:00\",\"dateModified\":\"2026-03-02T17:07:19+00:00\",\"description\":\"La belleza comienza en el equilibrio. Eleva tu rutina de cuidado de la piel al siguiente nivel con nuestros productos formulados con pre y postbi\u00f3ticos de origen 100% natural que equilibran y protegen el microbioma cut\u00e1neo.\",\"breadcrumb\":{\"@id\":\"https:\/\/hb.bfexplus.com\/manifiesto-cosmetica-natural-helenis-biocosmetics\/#breadcrumb\"},\"inLanguage\":\"it-IT\",\"potentialAction\":[{\"@type\":\"ReadAction\",\"target\":[\"https:\/\/hb.bfexplus.com\/manifiesto-cosmetica-natural-helenis-biocosmetics\/\"]}]},{\"@type\":\"BreadcrumbList\",\"@id\":\"https:\/\/hb.bfexplus.com\/manifiesto-cosmetica-natural-helenis-biocosmetics\/#breadcrumb\",\"itemListElement\":[{\"@type\":\"ListItem\",\"position\":1,\"name\":\"Portada\",\"item\":\"https:\/\/hb.bfexplus.com\/\"},{\"@type\":\"ListItem\",\"position\":2,\"name\":\"Manifesto\"}]},{\"@type\":\"WebSite\",\"@id\":\"https:\/\/hb.bfexplus.com\/#website\",\"url\":\"https:\/\/hb.bfexplus.com\/\",\"name\":\"Helenis Biocosmetics\",\"description\":\"Biocosmetica avanzada con microorganismos pre y post bioticos util para el cuidado del microbioma de la piel.\",\"potentialAction\":[{\"@type\":\"SearchAction\",\"target\":{\"@type\":\"EntryPoint\",\"urlTemplate\":\"https:\/\/hb.bfexplus.com\/?s={search_term_string}\"},\"query-input\":{\"@type\":\"PropertyValueSpecification\",\"valueRequired\":true,\"valueName\":\"search_term_string\"}}],\"inLanguage\":\"it-IT\"}]}<\/script>\n<!-- \/ Yoast SEO Premium plugin. -->","yoast_head_json":{"title":"Manifesto - Helenis Biocosmetics","description":"La belleza comienza en el equilibrio. Eleva tu rutina de cuidado de la piel al siguiente nivel con nuestros productos formulados con pre y postbi\u00f3ticos de origen 100% natural que equilibran y protegen el microbioma cut\u00e1neo.","robots":{"index":"index","follow":"follow","max-snippet":"max-snippet:-1","max-image-preview":"max-image-preview:large","max-video-preview":"max-video-preview:-1"},"canonical":"https:\/\/hb.bfexplus.com\/manifiesto-cosmetica-natural-helenis-biocosmetics\/","og_locale":"it_IT","og_type":"article","og_title":"Manifesto","og_description":"La belleza comienza en el equilibrio. Eleva tu rutina de cuidado de la piel al siguiente nivel con nuestros productos formulados con pre y postbi\u00f3ticos de origen 100% natural que equilibran y protegen el microbioma cut\u00e1neo.","og_url":"https:\/\/hb.bfexplus.com\/manifiesto-cosmetica-natural-helenis-biocosmetics\/","og_site_name":"Helenis Biocosmetics","article_modified_time":"2026-03-02T17:07:19+00:00","twitter_card":"summary_large_image","schema":{"@context":"https:\/\/schema.org","@graph":[{"@type":"WebPage","@id":"https:\/\/hb.bfexplus.com\/manifiesto-cosmetica-natural-helenis-biocosmetics\/","url":"https:\/\/hb.bfexplus.com\/manifiesto-cosmetica-natural-helenis-biocosmetics\/","name":"Manifesto - Helenis Biocosmetics","isPartOf":{"@id":"https:\/\/hb.bfexplus.com\/#website"},"datePublished":"2025-04-14T07:06:02+00:00","dateModified":"2026-03-02T17:07:19+00:00","description":"La belleza comienza en el equilibrio. Eleva tu rutina de cuidado de la piel al siguiente nivel con nuestros productos formulados con pre y postbi\u00f3ticos de origen 100% natural que equilibran y protegen el microbioma cut\u00e1neo.","breadcrumb":{"@id":"https:\/\/hb.bfexplus.com\/manifiesto-cosmetica-natural-helenis-biocosmetics\/#breadcrumb"},"inLanguage":"it-IT","potentialAction":[{"@type":"ReadAction","target":["https:\/\/hb.bfexplus.com\/manifiesto-cosmetica-natural-helenis-biocosmetics\/"]}]},{"@type":"BreadcrumbList","@id":"https:\/\/hb.bfexplus.com\/manifiesto-cosmetica-natural-helenis-biocosmetics\/#breadcrumb","itemListElement":[{"@type":"ListItem","position":1,"name":"Portada","item":"https:\/\/hb.bfexplus.com\/"},{"@type":"ListItem","position":2,"name":"Manifesto"}]},{"@type":"WebSite","@id":"https:\/\/hb.bfexplus.com\/#website","url":"https:\/\/hb.bfexplus.com\/","name":"Helenis Biocosmetics","description":"Biocosmetica avanzada con microorganismos pre y post bioticos util para el cuidado del microbioma de la piel.","potentialAction":[{"@type":"SearchAction","target":{"@type":"EntryPoint","urlTemplate":"https:\/\/hb.bfexplus.com\/?s={search_term_string}"},"query-input":{"@type":"PropertyValueSpecification","valueRequired":true,"valueName":"search_term_string"}}],"inLanguage":"it-IT"}]}},"_links":{"self":[{"href":"https:\/\/hb.bfexplus.com\/it\/wp-json\/wp\/v2\/pages\/6770","targetHints":{"allow":["GET"]}}],"collection":[{"href":"https:\/\/hb.bfexplus.com\/it\/wp-json\/wp\/v2\/pages"}],"about":[{"href":"https:\/\/hb.bfexplus.com\/it\/wp-json\/wp\/v2\/types\/page"}],"author":[{"embeddable":true,"href":"https:\/\/hb.bfexplus.com\/it\/wp-json\/wp\/v2\/users\/1"}],"replies":[{"embeddable":true,"href":"https:\/\/hb.bfexplus.com\/it\/wp-json\/wp\/v2\/comments?post=6770"}],"version-history":[{"count":1,"href":"https:\/\/hb.bfexplus.com\/it\/wp-json\/wp\/v2\/pages\/6770\/revisions"}],"predecessor-version":[{"id":14228,"href":"https:\/\/hb.bfexplus.com\/it\/wp-json\/wp\/v2\/pages\/6770\/revisions\/14228"}],"wp:attachment":[{"href":"https:\/\/hb.bfexplus.com\/it\/wp-json\/wp\/v2\/media?parent=6770"}],"curies":[{"name":"wp","href":"https:\/\/api.w.org\/{rel}","templated":true}]}}