{"id":11867,"date":"2024-06-04T20:21:45","date_gmt":"2024-06-04T18:21:45","guid":{"rendered":"https:\/\/hb.bfexplus.com\/contacto\/"},"modified":"2026-03-02T18:06:16","modified_gmt":"2026-03-02T17:06:16","slug":"contacto","status":"publish","type":"page","link":"https:\/\/hb.bfexplus.com\/fr\/contacto\/","title":{"rendered":"Contacto"},"content":{"rendered":"\n<div class=\"et_pb_section_0 et_pb_section et_section_regular et_block_section\"><div class=\"et_pb_row_0 et_pb_row et_pb_equal_columns et_block_row\"><div class=\"et_pb_column_0 et_pb_column et_pb_column_1_2 et_block_column et_pb_column_empty et_pb_css_mix_blend_mode_passthrough flex-column-center\"><\/div><div class=\"et_pb_column_1 et_pb_column et_pb_column_1_2 et-last-child et_block_column et_pb_css_mix_blend_mode_passthrough\"><div class=\"et_pb_text_0 et_pb_text et_pb_bg_layout_light et_pb_module et_block_module\"><div class=\"et_pb_text_inner\"><h1 class=\"marginb-m\">Contact<\/h1>\n<p>Veuillez remplir le formulaire ci-dessous en pr\u00e9cisant l'objet de votre demande. Nous vous r\u00e9pondrons d\u00e8s que possible.<\/p>\n<\/div><\/div><div class=\"et_pb_text_1 et_pb_text et_pb_bg_layout_light et_pb_module et_block_module hb-form\"><div class=\"et_pb_text_inner\"><p class=\"wpcf7-contact-form-not-found\"><strong>Erreur\u00a0:<\/strong> Formulaire de contact non trouv\u00e9\u00a0!<\/p>\n<\/div><\/div><\/div><\/div><\/div>\n","protected":false},"excerpt":{"rendered":"","protected":false},"author":1,"featured_media":0,"parent":0,"menu_order":0,"comment_status":"closed","ping_status":"closed","template":"","meta":{"_acf_changed":false,"inline_featured_image":false,"footnotes":""},"class_list":["post-11867","page","type-page","status-publish","hentry"],"acf":[],"yoast_head":"<!-- This site is optimized with the Yoast SEO Premium plugin v26.3 (Yoast SEO v26.4) - https:\/\/yoast.com\/wordpress\/plugins\/seo\/ -->\n<title>Contacto - Helenis Biocosmetics<\/title>\n<meta name=\"description\" content=\"La belleza comienza en el equilibrio. Eleva tu rutina de cuidado de la piel al siguiente nivel con nuestros productos formulados con pre y postbi\u00f3ticos de origen 100% natural que equilibran y protegen el microbioma cut\u00e1neo.\" \/>\n<meta name=\"robots\" content=\"index, follow, max-snippet:-1, max-image-preview:large, max-video-preview:-1\" \/>\n<link rel=\"canonical\" href=\"https:\/\/hb.bfexplus.com\/contacto\/\" \/>\n<meta property=\"og:locale\" content=\"fr_FR\" \/>\n<meta property=\"og:type\" content=\"article\" \/>\n<meta property=\"og:title\" content=\"Contacto\" \/>\n<meta property=\"og:description\" content=\"La belleza comienza en el equilibrio. Eleva tu rutina de cuidado de la piel al siguiente nivel con nuestros productos formulados con pre y postbi\u00f3ticos de origen 100% natural que equilibran y protegen el microbioma cut\u00e1neo.\" \/>\n<meta property=\"og:url\" content=\"https:\/\/hb.bfexplus.com\/contacto\/\" \/>\n<meta property=\"og:site_name\" content=\"Helenis Biocosmetics\" \/>\n<meta property=\"article:modified_time\" content=\"2026-03-02T17:06:16+00:00\" \/>\n<meta name=\"twitter:card\" content=\"summary_large_image\" \/>\n<script type=\"application\/ld+json\" class=\"yoast-schema-graph\">{\"@context\":\"https:\/\/schema.org\",\"@graph\":[{\"@type\":\"WebPage\",\"@id\":\"https:\/\/hb.bfexplus.com\/contacto\/\",\"url\":\"https:\/\/hb.bfexplus.com\/contacto\/\",\"name\":\"Contacto - Helenis Biocosmetics\",\"isPartOf\":{\"@id\":\"https:\/\/hb.bfexplus.com\/#website\"},\"datePublished\":\"2024-06-04T18:21:45+00:00\",\"dateModified\":\"2026-03-02T17:06:16+00:00\",\"description\":\"La belleza comienza en el equilibrio. Eleva tu rutina de cuidado de la piel al siguiente nivel con nuestros productos formulados con pre y postbi\u00f3ticos de origen 100% natural que equilibran y protegen el microbioma cut\u00e1neo.\",\"breadcrumb\":{\"@id\":\"https:\/\/hb.bfexplus.com\/contacto\/#breadcrumb\"},\"inLanguage\":\"fr-FR\",\"potentialAction\":[{\"@type\":\"ReadAction\",\"target\":[\"https:\/\/hb.bfexplus.com\/contacto\/\"]}]},{\"@type\":\"BreadcrumbList\",\"@id\":\"https:\/\/hb.bfexplus.com\/contacto\/#breadcrumb\",\"itemListElement\":[{\"@type\":\"ListItem\",\"position\":1,\"name\":\"Portada\",\"item\":\"https:\/\/hb.bfexplus.com\/\"},{\"@type\":\"ListItem\",\"position\":2,\"name\":\"Contacto\"}]},{\"@type\":\"WebSite\",\"@id\":\"https:\/\/hb.bfexplus.com\/#website\",\"url\":\"https:\/\/hb.bfexplus.com\/\",\"name\":\"Helenis Biocosmetics\",\"description\":\"Biocosmetica avanzada con microorganismos pre y post bioticos util para el cuidado del microbioma de la piel.\",\"potentialAction\":[{\"@type\":\"SearchAction\",\"target\":{\"@type\":\"EntryPoint\",\"urlTemplate\":\"https:\/\/hb.bfexplus.com\/?s={search_term_string}\"},\"query-input\":{\"@type\":\"PropertyValueSpecification\",\"valueRequired\":true,\"valueName\":\"search_term_string\"}}],\"inLanguage\":\"fr-FR\"}]}<\/script>\n<!-- \/ Yoast SEO Premium plugin. -->","yoast_head_json":{"title":"Contacto - Helenis Biocosmetics","description":"La belleza comienza en el equilibrio. Eleva tu rutina de cuidado de la piel al siguiente nivel con nuestros productos formulados con pre y postbi\u00f3ticos de origen 100% natural que equilibran y protegen el microbioma cut\u00e1neo.","robots":{"index":"index","follow":"follow","max-snippet":"max-snippet:-1","max-image-preview":"max-image-preview:large","max-video-preview":"max-video-preview:-1"},"canonical":"https:\/\/hb.bfexplus.com\/contacto\/","og_locale":"fr_FR","og_type":"article","og_title":"Contacto","og_description":"La belleza comienza en el equilibrio. Eleva tu rutina de cuidado de la piel al siguiente nivel con nuestros productos formulados con pre y postbi\u00f3ticos de origen 100% natural que equilibran y protegen el microbioma cut\u00e1neo.","og_url":"https:\/\/hb.bfexplus.com\/contacto\/","og_site_name":"Helenis Biocosmetics","article_modified_time":"2026-03-02T17:06:16+00:00","twitter_card":"summary_large_image","schema":{"@context":"https:\/\/schema.org","@graph":[{"@type":"WebPage","@id":"https:\/\/hb.bfexplus.com\/contacto\/","url":"https:\/\/hb.bfexplus.com\/contacto\/","name":"Contacto - Helenis Biocosmetics","isPartOf":{"@id":"https:\/\/hb.bfexplus.com\/#website"},"datePublished":"2024-06-04T18:21:45+00:00","dateModified":"2026-03-02T17:06:16+00:00","description":"La belleza comienza en el equilibrio. Eleva tu rutina de cuidado de la piel al siguiente nivel con nuestros productos formulados con pre y postbi\u00f3ticos de origen 100% natural que equilibran y protegen el microbioma cut\u00e1neo.","breadcrumb":{"@id":"https:\/\/hb.bfexplus.com\/contacto\/#breadcrumb"},"inLanguage":"fr-FR","potentialAction":[{"@type":"ReadAction","target":["https:\/\/hb.bfexplus.com\/contacto\/"]}]},{"@type":"BreadcrumbList","@id":"https:\/\/hb.bfexplus.com\/contacto\/#breadcrumb","itemListElement":[{"@type":"ListItem","position":1,"name":"Portada","item":"https:\/\/hb.bfexplus.com\/"},{"@type":"ListItem","position":2,"name":"Contacto"}]},{"@type":"WebSite","@id":"https:\/\/hb.bfexplus.com\/#website","url":"https:\/\/hb.bfexplus.com\/","name":"Helenis Biocosmetics","description":"Biocosmetica avanzada con microorganismos pre y post bioticos util para el cuidado del microbioma de la piel.","potentialAction":[{"@type":"SearchAction","target":{"@type":"EntryPoint","urlTemplate":"https:\/\/hb.bfexplus.com\/?s={search_term_string}"},"query-input":{"@type":"PropertyValueSpecification","valueRequired":true,"valueName":"search_term_string"}}],"inLanguage":"fr-FR"}]}},"_links":{"self":[{"href":"https:\/\/hb.bfexplus.com\/fr\/wp-json\/wp\/v2\/pages\/11867","targetHints":{"allow":["GET"]}}],"collection":[{"href":"https:\/\/hb.bfexplus.com\/fr\/wp-json\/wp\/v2\/pages"}],"about":[{"href":"https:\/\/hb.bfexplus.com\/fr\/wp-json\/wp\/v2\/types\/page"}],"author":[{"embeddable":true,"href":"https:\/\/hb.bfexplus.com\/fr\/wp-json\/wp\/v2\/users\/1"}],"replies":[{"embeddable":true,"href":"https:\/\/hb.bfexplus.com\/fr\/wp-json\/wp\/v2\/comments?post=11867"}],"version-history":[{"count":3,"href":"https:\/\/hb.bfexplus.com\/fr\/wp-json\/wp\/v2\/pages\/11867\/revisions"}],"predecessor-version":[{"id":14211,"href":"https:\/\/hb.bfexplus.com\/fr\/wp-json\/wp\/v2\/pages\/11867\/revisions\/14211"}],"wp:attachment":[{"href":"https:\/\/hb.bfexplus.com\/fr\/wp-json\/wp\/v2\/media?parent=11867"}],"curies":[{"name":"wp","href":"https:\/\/api.w.org\/{rel}","templated":true}]}}