{"id":10252,"date":"2025-04-14T09:06:02","date_gmt":"2025-04-14T07:06:02","guid":{"rendered":"https:\/\/hb.bfexplus.com\/manifeste\/"},"modified":"2026-03-02T18:07:21","modified_gmt":"2026-03-02T17:07:21","slug":"manifeste","status":"publish","type":"page","link":"https:\/\/hb.bfexplus.com\/fr\/manifeste\/","title":{"rendered":"Manifeste"},"content":{"rendered":"\n<div class=\"et_pb_section_0 et_pb_section et_section_regular et_block_section flex-column-center\"><div class=\"et_pb_row_0 et_pb_row et_block_row flex-column-center\"><div class=\"et_pb_column_0 et_pb_column et_pb_column_4_4 et-last-child et_block_column et_pb_css_mix_blend_mode_passthrough\"><div class=\"et_pb_text_0 et_pb_text et_pb_bg_layout_light et_pb_module et_block_module\"><div class=\"et_pb_text_inner\"><h1 class=\"marginb-s\">Notre engagement est de prendre soin de votre peau.<\/h1>\n<p class=\"marginb-l\">Nous croyons en une beaut\u00e9 qui commence de l\u2019int\u00e9rieur. C\u2019est pourquoi, chez Helenis Biocosmetics, nous formulons avec un objectif clair : \u00e9quilibrer, renforcer et entra\u00eener votre microbiome. <\/p>\n<\/div><\/div><\/div><\/div><\/div><div class=\"et_pb_section_1 et_pb_section et_section_regular et_block_section\"><div class=\"et_pb_row_1 et_pb_row et_pb_equal_columns et_block_row\"><div class=\"et_pb_column_1 et_pb_column et_pb_column_2_5 et_block_column et_pb_css_mix_blend_mode_passthrough flex-column-center\"><div class=\"et_pb_image_0 et_pb_image et_pb_module et_block_module\"><span class=\"et_pb_image_wrap\"><img loading=\"lazy\" decoding=\"async\" src=\"https:\/\/hb.bfexplus.com\/wp-content\/uploads\/2025\/04\/promesa-transparencia.webp\" width=\"501\" height=\"500\" srcset=\"https:\/\/hb.bfexplus.com\/wp-content\/uploads\/2025\/04\/promesa-transparencia.webp 501w, https:\/\/hb.bfexplus.com\/wp-content\/uploads\/2025\/04\/promesa-transparencia-480x479.webp 480w\" sizes=\"(min-width: 0px) and (max-width: 480px) 480px, (min-width: 481px) 501px, 100vw\" class=\"wp-image-6634\" alt=\"promesse de transparence helenis\" \/><\/span><\/div><\/div><div class=\"et_pb_column_2 et_pb_column et_pb_column_3_5 et-last-child et_block_column et_pb_css_mix_blend_mode_passthrough flex-column-center\"><div class=\"et_pb_text_1 et_pb_text et_pb_bg_layout_light et_pb_module et_block_module\"><div class=\"et_pb_text_inner\"><h1 class=\"marginb-l\">Notre promesse est la transparence.<\/h1>\n<p>Chaque ingr\u00e9dient de nos formules est soutenu par la science et soigneusement s\u00e9lectionn\u00e9 pour son efficacit\u00e9. Nous combinons les meilleurs actifs issus de la biotechnologie avec des ingr\u00e9dients naturels pour cr\u00e9er des cosm\u00e9tiques avanc\u00e9s qui respectent et favorisent l\u2019\u00e9quilibre naturel de la peau.<\/p>\n<p>Notre promesse est la transparence : nous partageons avec vous ce que nous utilisons, pourquoi nous le faisons et comment cela b\u00e9n\u00e9ficie \u00e0 votre peau. Nous sommes anim\u00e9s par l\u2019innovation, mais aussi par l\u2019\u00e9thique et la durabilit\u00e9, c\u2019est pourquoi nous misons sur des mati\u00e8res premi\u00e8res responsables et des formules concentr\u00e9es qui en renforcent l\u2019efficacit\u00e9 et r\u00e9duisent l\u2019impact environnemental.<\/p>\n<p>Chez Helenis Biocosmetics, chaque d\u00e9cision que nous prenons r\u00e9pond \u00e0 un principe fondamental : le respect. Respect pour la peau, pour la science, pour la nature et pour les personnes.<\/p>\n<\/div><\/div><\/div><\/div><\/div><div class=\"et_pb_section_2 et_pb_section et_section_regular et_block_section\"><div class=\"et_pb_row_2 et_pb_row et_pb_equal_columns et_block_row\"><div class=\"et_pb_column_3 et_pb_column et_pb_column_3_5 et_block_column et_pb_css_mix_blend_mode_passthrough flex-column-center\"><div class=\"et_pb_text_2 et_pb_text et_pb_bg_layout_light et_pb_module et_block_module\"><div class=\"et_pb_text_inner\"><h2 class=\"marginb-l\">Nos valeurs<\/h2>\n<h4><strong>Transparence<\/strong><\/h4>\n<p class=\"marginb-l\">Nous croyons que la transparence est \u00e0 la base de toute relation de confiance. Nous partageons avec vous des informations vraies et d\u00e9taill\u00e9es sur chacun de nos produits. \u00catre transparents n\u2019est pas seulement un engagement \u00e9thique, c\u2019est notre fa\u00e7on de vous donner les outils n\u00e9cessaires pour prendre des d\u00e9cisions et choisir ce qu\u2019il y a de mieux pour votre peau et pour la plan\u00e8te.<\/p>\n<h4><strong>\u00c9thique<\/strong><\/h4>\n<p class=\"marginb-l\">Prendre soin de la peau est un engagement qui va au-del\u00e0 de la formulation : c\u2019est une question d\u2019\u00e9thique et de responsabilit\u00e9. Chez Helenis Biocosmetics, nous garantissons la qualit\u00e9 de chaque ingr\u00e9dient, en assurant des relations \u00e9quitables avec nos fournisseurs et de la transparence avec nos clients. Nous formulons uniquement avec l\u2019essentiel, sans ajouts, afin d\u2019offrir des produits honn\u00eates et efficaces.<\/p>\n<h4><strong>Des soins pour tous<\/strong><\/h4>\n<p>Chez Helenis Biocosmetics, nous formulons en pensant \u00e0 toutes les peaux. Nos produits, en plus d\u2019\u00eatre adapt\u00e9s \u00e0 tous les types de peau, ont \u00e9t\u00e9 sp\u00e9cialement test\u00e9s sur des peaux sensibles, atopiques ou pr\u00e9sentant des affections telles que la dermatite et le psoriasis, aidant \u00e0 \u00e9quilibrer et renforcer leur microbiome, et ainsi am\u00e9liorer l\u2019\u00e9tat g\u00e9n\u00e9ral de leur peau.<\/p>\n<\/div><\/div><\/div><div class=\"et_pb_column_4 et_pb_column et_pb_column_2_5 et-last-child et_block_column et_pb_css_mix_blend_mode_passthrough flex-column-center\"><div class=\"et_pb_image_1 et_pb_image et_pb_module et_block_module\"><span class=\"et_pb_image_wrap\"><img loading=\"lazy\" decoding=\"async\" src=\"https:\/\/hb.bfexplus.com\/wp-content\/uploads\/2025\/04\/valores.webp\" width=\"501\" height=\"500\" srcset=\"https:\/\/hb.bfexplus.com\/wp-content\/uploads\/2025\/04\/valores.webp 501w, https:\/\/hb.bfexplus.com\/wp-content\/uploads\/2025\/04\/valores-480x479.webp 480w\" sizes=\"(min-width: 0px) and (max-width: 480px) 480px, (min-width: 481px) 501px, 100vw\" class=\"wp-image-6637\" title=\"valeurs\" alt=\"reconecting nature\" \/><\/span><\/div><\/div><\/div><div class=\"et_pb_row_3 et_pb_row et_pb_equal_columns et_block_row\"><div class=\"et_pb_column_5 et_pb_column et_pb_column_2_5 et_block_column et_pb_css_mix_blend_mode_passthrough flex-column-center\"><div class=\"et_pb_image_2 et_pb_image et_pb_module et_block_module\"><span class=\"et_pb_image_wrap\"><img loading=\"lazy\" decoding=\"async\" src=\"https:\/\/hb.bfexplus.com\/wp-content\/uploads\/2025\/04\/valores2.webp\" width=\"501\" height=\"500\" srcset=\"https:\/\/hb.bfexplus.com\/wp-content\/uploads\/2025\/04\/valores2.webp 501w, https:\/\/hb.bfexplus.com\/wp-content\/uploads\/2025\/04\/valores2-480x479.webp 480w\" sizes=\"(min-width: 0px) and (max-width: 480px) 480px, (min-width: 481px) 501px, 100vw\" class=\"wp-image-6640\" title=\"valores2\" alt=\"reconecting nature\" \/><\/span><\/div><\/div><div class=\"et_pb_column_6 et_pb_column et_pb_column_3_5 et-last-child et_block_column et_pb_css_mix_blend_mode_passthrough flex-column-center\"><div class=\"et_pb_text_3 et_pb_text et_pb_bg_layout_light et_pb_module et_block_module\"><div class=\"et_pb_text_inner\"><h4><strong>Durabilit\u00e9<\/strong><\/h4>\n<p class=\"marginb-l\">La durabilit\u00e9 est un autre des piliers sur lesquels se construit Helenis Biocosmetics. Nous choisissons des mati\u00e8res premi\u00e8res responsables, produisons de mani\u00e8re efficace et privil\u00e9gions des emballages recyclables ou biod\u00e9gradables. Nos formules concentr\u00e9es minimisent l\u2019impact environnemental et favorisent une consommation plus responsable. En nous choisissant, vous contribuez \u00e0 un mod\u00e8le de beaut\u00e9 qui prend soin autant de votre peau que de la plan\u00e8te.<\/p>\n<h4><strong>Qualit\u00e9<\/strong><\/h4>\n<p class=\"marginb-l\">Chez Helenis Biocosmetics, la qualit\u00e9 est notre priorit\u00e9. Nous n\u2019utilisons dans nos formules que des actifs biotechnologiques et des ingr\u00e9dients d\u2019origine naturelle dont l\u2019efficacit\u00e9 est scientifiquement prouv\u00e9e. En contr\u00f4lant tout le processus de production, de la formulation de nos produits au choix des mati\u00e8res premi\u00e8res et des fournisseurs, nous garantissons que chaque \u00e9tape est r\u00e9alis\u00e9e selon les normes de qualit\u00e9 les plus exigeantes, ce qui donne des produits s\u00fbrs et efficaces.<\/p>\n<h4><strong>Efficacit\u00e9 prouv\u00e9e<\/strong><\/h4>\n<p>Tous nos produits sont con\u00e7us sur une base scientifique solide et soutenus par des \u00e9tudes qui attestent de leur efficacit\u00e9. Nous ne laissons rien au hasard : nous s\u00e9lectionnons des actifs aux b\u00e9n\u00e9fices scientifiquement prouv\u00e9s et formulons en respectant le fonctionnement naturel de la peau. Nous nous assurons toujours que chaque formule agit en synergie avec la peau, permettant ainsi d\u2019observer des am\u00e9liorations visibles et mesurables sans compromettre son \u00e9quilibre.<\/p>\n<\/div><\/div><\/div><\/div><\/div><div class=\"et_pb_section_3 et_pb_section et_section_regular et_block_section\"><div class=\"et_pb_row_4 et_pb_row et_pb_equal_columns et_pb_gutters1 et_block_row\"><div class=\"et_pb_column_7 et_pb_column et_pb_column_1_2 et_block_column et_pb_css_mix_blend_mode_passthrough flex-column-center\"><div class=\"et_pb_text_4 et_pb_text et_pb_bg_layout_light et_pb_module et_block_module\"><div class=\"et_pb_text_inner\"><h3 class=\"marginb-m\">Bioinnovation<\/h3>\n<p class=\"marginb-m\">Le microbiome est la premi\u00e8re ligne de d\u00e9fense de notre peau. Un \u00e9cosyst\u00e8me invisible form\u00e9 par une communaut\u00e9 de micro-organismes qui vivent naturellement sur notre peau.<\/p>\n<p><a href=\"https:\/\/hb.bfexplus.com\/fr\/bioinnovation\/\" class=\"boton-nuevo boton-nuevo-claro\">EN SAVOIR PLUS <img decoding=\"async\" src=\"https:\/\/hb.bfexplus.com\/wp-content\/uploads\/2025\/04\/arrowright-w.svg\" width=\"20\" class=\"boton-icon\"><\/a><\/p>\n<\/div><\/div><\/div><div class=\"et_pb_column_8 et_pb_column et_pb_column_1_2 et-last-child et_block_column et_pb_css_mix_blend_mode_passthrough flex-column-center\"><div class=\"et_pb_text_5 et_pb_text et_pb_bg_layout_light et_pb_module et_block_module\"><div class=\"et_pb_text_inner\"><h3 class=\"marginb-m\">Prix et distinctions<\/h3>\n<p class=\"marginb-m\">Chez Helenis Biocosmetics, la science et la nature s\u2019unissent pour offrir des solutions innovantes qui transforment la peau \u00e0 partir de son \u00e9quilibre le plus profond : celui du microbiome cutan\u00e9.<\/p>\n<p><a href=\"https:\/\/hb.bfexplus.com\/premios-y-reconocimientos\/\" class=\"boton-nuevo boton-nuevo-claro\">EN SAVOIR PLUS <img decoding=\"async\" src=\"https:\/\/hb.bfexplus.com\/wp-content\/uploads\/2025\/04\/arrowright-w.svg\" width=\"20\" class=\"boton-icon\"><\/a><\/p>\n<\/div><\/div><\/div><\/div><\/div>\n","protected":false},"excerpt":{"rendered":"","protected":false},"author":1,"featured_media":0,"parent":0,"menu_order":0,"comment_status":"closed","ping_status":"closed","template":"","meta":{"_acf_changed":false,"inline_featured_image":false,"footnotes":""},"class_list":["post-10252","page","type-page","status-publish","hentry"],"acf":[],"yoast_head":"<!-- This site is optimized with the Yoast SEO Premium plugin v26.3 (Yoast SEO v26.4) - https:\/\/yoast.com\/wordpress\/plugins\/seo\/ -->\n<title>Manifeste - Helenis Biocosmetics<\/title>\n<meta name=\"description\" content=\"La belleza comienza en el equilibrio. Eleva tu rutina de cuidado de la piel al siguiente nivel con nuestros productos formulados con pre y postbi\u00f3ticos de origen 100% natural que equilibran y protegen el microbioma cut\u00e1neo.\" \/>\n<meta name=\"robots\" content=\"index, follow, max-snippet:-1, max-image-preview:large, max-video-preview:-1\" \/>\n<link rel=\"canonical\" href=\"https:\/\/hb.bfexplus.com\/manifiesto-cosmetica-natural-helenis-biocosmetics\/\" \/>\n<meta property=\"og:locale\" content=\"fr_FR\" \/>\n<meta property=\"og:type\" content=\"article\" \/>\n<meta property=\"og:title\" content=\"Manifeste\" \/>\n<meta property=\"og:description\" content=\"La belleza comienza en el equilibrio. Eleva tu rutina de cuidado de la piel al siguiente nivel con nuestros productos formulados con pre y postbi\u00f3ticos de origen 100% natural que equilibran y protegen el microbioma cut\u00e1neo.\" \/>\n<meta property=\"og:url\" content=\"https:\/\/hb.bfexplus.com\/manifiesto-cosmetica-natural-helenis-biocosmetics\/\" \/>\n<meta property=\"og:site_name\" content=\"Helenis Biocosmetics\" \/>\n<meta property=\"article:modified_time\" content=\"2026-03-02T17:07:21+00:00\" \/>\n<meta name=\"twitter:card\" content=\"summary_large_image\" \/>\n<script type=\"application\/ld+json\" class=\"yoast-schema-graph\">{\"@context\":\"https:\/\/schema.org\",\"@graph\":[{\"@type\":\"WebPage\",\"@id\":\"https:\/\/hb.bfexplus.com\/manifiesto-cosmetica-natural-helenis-biocosmetics\/\",\"url\":\"https:\/\/hb.bfexplus.com\/manifiesto-cosmetica-natural-helenis-biocosmetics\/\",\"name\":\"Manifeste - Helenis Biocosmetics\",\"isPartOf\":{\"@id\":\"https:\/\/hb.bfexplus.com\/#website\"},\"datePublished\":\"2025-04-14T07:06:02+00:00\",\"dateModified\":\"2026-03-02T17:07:21+00:00\",\"description\":\"La belleza comienza en el equilibrio. Eleva tu rutina de cuidado de la piel al siguiente nivel con nuestros productos formulados con pre y postbi\u00f3ticos de origen 100% natural que equilibran y protegen el microbioma cut\u00e1neo.\",\"breadcrumb\":{\"@id\":\"https:\/\/hb.bfexplus.com\/manifiesto-cosmetica-natural-helenis-biocosmetics\/#breadcrumb\"},\"inLanguage\":\"fr-FR\",\"potentialAction\":[{\"@type\":\"ReadAction\",\"target\":[\"https:\/\/hb.bfexplus.com\/manifiesto-cosmetica-natural-helenis-biocosmetics\/\"]}]},{\"@type\":\"BreadcrumbList\",\"@id\":\"https:\/\/hb.bfexplus.com\/manifiesto-cosmetica-natural-helenis-biocosmetics\/#breadcrumb\",\"itemListElement\":[{\"@type\":\"ListItem\",\"position\":1,\"name\":\"Portada\",\"item\":\"https:\/\/hb.bfexplus.com\/\"},{\"@type\":\"ListItem\",\"position\":2,\"name\":\"Manifeste\"}]},{\"@type\":\"WebSite\",\"@id\":\"https:\/\/hb.bfexplus.com\/#website\",\"url\":\"https:\/\/hb.bfexplus.com\/\",\"name\":\"Helenis Biocosmetics\",\"description\":\"Biocosmetica avanzada con microorganismos pre y post bioticos util para el cuidado del microbioma de la piel.\",\"potentialAction\":[{\"@type\":\"SearchAction\",\"target\":{\"@type\":\"EntryPoint\",\"urlTemplate\":\"https:\/\/hb.bfexplus.com\/?s={search_term_string}\"},\"query-input\":{\"@type\":\"PropertyValueSpecification\",\"valueRequired\":true,\"valueName\":\"search_term_string\"}}],\"inLanguage\":\"fr-FR\"}]}<\/script>\n<!-- \/ Yoast SEO Premium plugin. -->","yoast_head_json":{"title":"Manifeste - Helenis Biocosmetics","description":"La belleza comienza en el equilibrio. Eleva tu rutina de cuidado de la piel al siguiente nivel con nuestros productos formulados con pre y postbi\u00f3ticos de origen 100% natural que equilibran y protegen el microbioma cut\u00e1neo.","robots":{"index":"index","follow":"follow","max-snippet":"max-snippet:-1","max-image-preview":"max-image-preview:large","max-video-preview":"max-video-preview:-1"},"canonical":"https:\/\/hb.bfexplus.com\/manifiesto-cosmetica-natural-helenis-biocosmetics\/","og_locale":"fr_FR","og_type":"article","og_title":"Manifeste","og_description":"La belleza comienza en el equilibrio. Eleva tu rutina de cuidado de la piel al siguiente nivel con nuestros productos formulados con pre y postbi\u00f3ticos de origen 100% natural que equilibran y protegen el microbioma cut\u00e1neo.","og_url":"https:\/\/hb.bfexplus.com\/manifiesto-cosmetica-natural-helenis-biocosmetics\/","og_site_name":"Helenis Biocosmetics","article_modified_time":"2026-03-02T17:07:21+00:00","twitter_card":"summary_large_image","schema":{"@context":"https:\/\/schema.org","@graph":[{"@type":"WebPage","@id":"https:\/\/hb.bfexplus.com\/manifiesto-cosmetica-natural-helenis-biocosmetics\/","url":"https:\/\/hb.bfexplus.com\/manifiesto-cosmetica-natural-helenis-biocosmetics\/","name":"Manifeste - Helenis Biocosmetics","isPartOf":{"@id":"https:\/\/hb.bfexplus.com\/#website"},"datePublished":"2025-04-14T07:06:02+00:00","dateModified":"2026-03-02T17:07:21+00:00","description":"La belleza comienza en el equilibrio. Eleva tu rutina de cuidado de la piel al siguiente nivel con nuestros productos formulados con pre y postbi\u00f3ticos de origen 100% natural que equilibran y protegen el microbioma cut\u00e1neo.","breadcrumb":{"@id":"https:\/\/hb.bfexplus.com\/manifiesto-cosmetica-natural-helenis-biocosmetics\/#breadcrumb"},"inLanguage":"fr-FR","potentialAction":[{"@type":"ReadAction","target":["https:\/\/hb.bfexplus.com\/manifiesto-cosmetica-natural-helenis-biocosmetics\/"]}]},{"@type":"BreadcrumbList","@id":"https:\/\/hb.bfexplus.com\/manifiesto-cosmetica-natural-helenis-biocosmetics\/#breadcrumb","itemListElement":[{"@type":"ListItem","position":1,"name":"Portada","item":"https:\/\/hb.bfexplus.com\/"},{"@type":"ListItem","position":2,"name":"Manifeste"}]},{"@type":"WebSite","@id":"https:\/\/hb.bfexplus.com\/#website","url":"https:\/\/hb.bfexplus.com\/","name":"Helenis Biocosmetics","description":"Biocosmetica avanzada con microorganismos pre y post bioticos util para el cuidado del microbioma de la piel.","potentialAction":[{"@type":"SearchAction","target":{"@type":"EntryPoint","urlTemplate":"https:\/\/hb.bfexplus.com\/?s={search_term_string}"},"query-input":{"@type":"PropertyValueSpecification","valueRequired":true,"valueName":"search_term_string"}}],"inLanguage":"fr-FR"}]}},"_links":{"self":[{"href":"https:\/\/hb.bfexplus.com\/fr\/wp-json\/wp\/v2\/pages\/10252","targetHints":{"allow":["GET"]}}],"collection":[{"href":"https:\/\/hb.bfexplus.com\/fr\/wp-json\/wp\/v2\/pages"}],"about":[{"href":"https:\/\/hb.bfexplus.com\/fr\/wp-json\/wp\/v2\/types\/page"}],"author":[{"embeddable":true,"href":"https:\/\/hb.bfexplus.com\/fr\/wp-json\/wp\/v2\/users\/1"}],"replies":[{"embeddable":true,"href":"https:\/\/hb.bfexplus.com\/fr\/wp-json\/wp\/v2\/comments?post=10252"}],"version-history":[{"count":1,"href":"https:\/\/hb.bfexplus.com\/fr\/wp-json\/wp\/v2\/pages\/10252\/revisions"}],"predecessor-version":[{"id":14229,"href":"https:\/\/hb.bfexplus.com\/fr\/wp-json\/wp\/v2\/pages\/10252\/revisions\/14229"}],"wp:attachment":[{"href":"https:\/\/hb.bfexplus.com\/fr\/wp-json\/wp\/v2\/media?parent=10252"}],"curies":[{"name":"wp","href":"https:\/\/api.w.org\/{rel}","templated":true}]}}